{"id":2282,"date":"2024-11-04T04:30:26","date_gmt":"2024-11-04T04:30:26","guid":{"rendered":"https:\/\/aethoras.com\/about\/"},"modified":"2026-02-24T10:23:45","modified_gmt":"2026-02-24T10:23:45","slug":"hakkimizda","status":"publish","type":"page","link":"https:\/\/aethoras.com\/tr\/hakkimizda\/","title":{"rendered":"Hakk\u0131m\u0131zda"},"content":{"rendered":"\t\t<div data-elementor-type=\"wp-page\" data-elementor-id=\"2282\" class=\"elementor elementor-2282 elementor-421\" data-elementor-post-type=\"page\">\n\t\t\t\t<div class=\"elementor-element elementor-element-27b6231 e-flex e-con-boxed e-con e-parent\" data-id=\"27b6231\" data-element_type=\"container\" data-settings=\"{&quot;background_background&quot;:&quot;classic&quot;}\">\n\t\t\t\t\t<div class=\"e-con-inner\">\n\t\t<div class=\"elementor-element elementor-element-31d7643 e-con-full e-flex e-con e-child\" data-id=\"31d7643\" data-element_type=\"container\">\n\t\t\t\t<div class=\"elementor-element elementor-element-65075b9 over-hidden elementor-widget elementor-widget-gva_post_breadcrumb\" data-id=\"65075b9\" data-element_type=\"widget\" data-widget_type=\"gva_post_breadcrumb.default\">\n\t\t\t\t<div class=\"elementor-widget-container\">\n\t\t\t\t\t<div class=\"gva-element-gva_post_breadcrumb gva-element\">   \r\n<div class=\"post-breadcrumb\">\r\n   <div class=\"custom-breadcrumb \" >\r\n            <div class=\"breadcrumb-main\">\r\n        <div class=\"container\">\r\n          <div class=\"breadcrumb-container-inner\">\r\n            <h2 class=\"heading-title\">Hakk\u0131m\u0131zda<\/h2><ol class=\"breadcrumb\"><li><a href=\"https:\/\/aethoras.com\/tr\/\">Home<\/a> <\/li> <li class=\"active\">Sayfa<\/li><\/ol>          <\/div>  \r\n        <\/div>   \r\n      <\/div>  \r\n   <\/div>\r\n<\/div>      \r\n\r\n<\/div>\t\t\t\t<\/div>\n\t\t\t\t<\/div>\n\t\t\t\t<\/div>\n\t\t\t\t\t<\/div>\n\t\t\t\t<\/div>\n\t\t<div class=\"elementor-element elementor-element-bcd968e e-flex e-con-boxed e-con e-parent\" data-id=\"bcd968e\" data-element_type=\"container\">\n\t\t\t\t\t<div class=\"e-con-inner\">\n\t\t\t\t<div class=\"elementor-element elementor-element-a43265a elementor-widget elementor-widget-heading\" data-id=\"a43265a\" data-element_type=\"widget\" data-widget_type=\"heading.default\">\n\t\t\t\t\t<h2 class=\"elementor-heading-title elementor-size-default\">Hakk\u0131m\u0131zda<\/h2>\t\t\t\t<\/div>\n\t\t\t\t<div class=\"elementor-element elementor-element-b68a2d7 elementor-widget__width-initial elementor-widget elementor-widget-text-editor\" data-id=\"b68a2d7\" data-element_type=\"widget\" data-widget_type=\"text-editor.default\">\n\t\t\t\t\t\t\t\t\t<p class=\"p1\" style=\"text-align: center;\">\n  <span style=\"color: #000000;\"><br>\n    D\u00fcnyan\u0131n servet ba\u015fkenti olarak kabul edilen Dubai\u2019de merkezlenen, k\u00fcresel bir yat\u0131r\u0131m dan\u0131\u015fmanl\u0131\u011f\u0131 ve servet yap\u0131land\u0131rma firmas\u0131y\u0131z.<br>\n  <\/span>\n<\/p>\n<p class=\"p1\" style=\"text-align: center;\"><span style=\"color: #000000;\">Buradan, be\u015f k\u0131tada faaliyet g\u00f6stererek; ger\u00e7ek servetin yaln\u0131zca para birimleriyle de\u011fil,&nbsp;<\/span><span style=\"color: rgb(0, 0, 0);\">ayn\u0131 zamanda \u00f6zg\u00fcrl\u00fckle \u00f6l\u00e7\u00fcld\u00fc\u011f\u00fcn\u00fc bilen kuruculara, yat\u0131r\u0131mc\u0131lara ve ailelere hizmet sunuyoruz:&nbsp;<\/span><span style=\"color: rgb(0, 0, 0);\">hareket \u00f6zg\u00fcrl\u00fc\u011f\u00fc, se\u00e7im \u00f6zg\u00fcrl\u00fc\u011f\u00fc ve sermayenin etkin \u015fekilde de\u011ferlendirilmesi \u00f6zg\u00fcrl\u00fc\u011f\u00fc.<\/span><\/p><p class=\"p1\" style=\"text-align: center;\">\n<\/p>\t\t\t\t\t\t\t\t<\/div>\n\t\t\t\t<div class=\"elementor-element elementor-element-d0d9b06 elementor-widget elementor-widget-image\" data-id=\"d0d9b06\" data-element_type=\"widget\" data-widget_type=\"image.default\">\n\t\t\t\t\t\t\t\t\t\t\t\t\t\t\t<img fetchpriority=\"high\" decoding=\"async\" width=\"1508\" height=\"1024\" src=\"https:\/\/aethoras.com\/wp-content\/uploads\/2026\/02\/WhatsApp-Image-2026-02-23-at-12.36.01-1.jpeg\" class=\"attachment-full size-full wp-image-3263\" alt=\"\" srcset=\"https:\/\/aethoras.com\/wp-content\/uploads\/2026\/02\/WhatsApp-Image-2026-02-23-at-12.36.01-1.jpeg 1508w, https:\/\/aethoras.com\/wp-content\/uploads\/2026\/02\/WhatsApp-Image-2026-02-23-at-12.36.01-1-1024x695.jpeg 1024w, https:\/\/aethoras.com\/wp-content\/uploads\/2026\/02\/WhatsApp-Image-2026-02-23-at-12.36.01-1-768x522.jpeg 768w\" sizes=\"(max-width: 1508px) 100vw, 1508px\" \/>\t\t\t\t\t\t\t\t\t\t\t\t\t\t\t<\/div>\n\t\t\t\t<div class=\"elementor-element elementor-element-cf6f078 elementor-widget__width-initial elementor-widget elementor-widget-text-editor\" data-id=\"cf6f078\" data-element_type=\"widget\" data-widget_type=\"text-editor.default\">\n\t\t\t\t\t\t\t\t\t<p class=\"p1\" style=\"text-align: center;\"><span style=\"color: #000000;\"><br \/>Temel yakla\u015f\u0131m\u0131m\u0131z nettir: sermayenin bir yuvas\u0131 olmal\u0131d\u0131r. Bu yuva ister Dubai\u2019de bir gayrimenkul,\u00a0<\/span><span style=\"color: #000000;\">ister Avrupa\u2019da ikinci bir pasaport, ister bir serbest b\u00f6lgede kurulu i\u015f yap\u0131s\u0131 ya da\u00a0<\/span><span style=\"color: #000000;\">\u00e7e\u015fitlendirilmi\u015f k\u00fcresel bir portf\u00f6y olsun; bu kararlar\u0131n birbirleriyle do\u011frudan ba\u011flant\u0131l\u0131\u00a0<\/span><span style=\"color: #000000;\">oldu\u011funa inan\u0131yoruz.\u00a0<\/span><\/p><p class=\"p1\" style=\"text-align: center;\"><span style=\"color: #000000;\">Bir gayrimenkul yat\u0131r\u0131m\u0131, oturum hakk\u0131 ile desteklendi\u011finde daha\u00a0<\/span><span style=\"color: #000000;\">de\u011ferli hale gelir. Bir i\u015f yap\u0131s\u0131, sahibinin farkl\u0131 yarg\u0131 alanlar\u0131nda esneklik ve se\u00e7eneklere\u00a0<\/span><span style=\"color: #000000;\">sahip olmas\u0131yla daha dayan\u0131kl\u0131 olur. Bir pasaport ise, finansal varl\u0131klar ve stratejik\u00a0<\/span><span style=\"color: #000000;\">planlama ile desteklendi\u011finde ger\u00e7ek g\u00fcc\u00fcn\u00fc kazan\u0131r.<\/span><\/p>\t\t\t\t\t\t\t\t<\/div>\n\t\t\t\t<div class=\"elementor-element elementor-element-bb20335 elementor-widget__width-initial elementor-widget elementor-widget-text-editor\" data-id=\"bb20335\" data-element_type=\"widget\" data-widget_type=\"text-editor.default\">\n\t\t\t\t\t\t\t\t\t<p>Yerel uzmanl\u0131\u011f\u0131m\u0131z\u0131 k\u00fcresel bak\u0131\u015f a\u00e7\u0131s\u0131yla birle\u015ftiriyoruz. Hizmet verdi\u011fimiz pazarlarda ya\u015fad\u0131k.<\/p>\n<p>Sadece kurallar\u0131 de\u011fil, her pazar\u0131n ritmini de anl\u0131yoruz; neyin i\u015fe yarad\u0131\u011f\u0131n\u0131, neyin yaramad\u0131\u011f\u0131n\u0131 ve ger\u00e7ek f\u0131rsat\u0131n nerede oldu\u011funu biliyoruz.<\/p>\n<p>Ekibimiz, BAE serbest b\u00f6lgeleri, AB ikamet programlar\u0131, gayrimenkul piyasalar\u0131 ve i\u015f yap\u0131land\u0131rmas\u0131 alanlar\u0131nda uzmanla\u015fm\u0131\u015f \u015firket i\u00e7i uzmanlar, g\u00fcvenilir ortaklar ve profesyonellerden olu\u015fmaktad\u0131r.<\/p>\t\t\t\t\t\t\t\t<\/div>\n\t\t\t\t\t<\/div>\n\t\t\t\t<\/div>\n\t\t<div class=\"elementor-element elementor-element-61b23e6 e-flex e-con-boxed e-con e-parent\" data-id=\"61b23e6\" data-element_type=\"container\" data-settings=\"{&quot;background_background&quot;:&quot;classic&quot;}\">\n\t\t\t\t\t<div class=\"e-con-inner\">\n\t\t\t\t<div class=\"elementor-element elementor-element-241bf96 elementor-widget__width-initial elementor-widget elementor-widget-text-editor\" data-id=\"241bf96\" data-element_type=\"widget\" data-widget_type=\"text-editor.default\">\n\t\t\t\t\t\t\t\t\t<p>Bizi farkl\u0131 k\u0131lan yakla\u015f\u0131m\u0131m\u0131zd\u0131r: serveti, mimarlar\u0131n binalar\u0131 tasarlad\u0131\u011f\u0131 gibiniyetle, \u00f6ng\u00f6r\u00fcyle ve bir sonraki ad\u0131m\u0131 net bi\u00e7imde tan\u0131mlayan bir yol haritas\u0131yla yap\u0131land\u0131r\u0131yoruz.<\/p><p>Bir sonraki yolculu\u011funuzu birlikte tasarlayal\u0131m. Uzman oldu\u011fumuz pazarlardan ba\u015flayabilir ya da k\u00fcresel stratejinizi birlikte \u015fekillendirebiliriz.<\/p><p class=\"p1\" style=\"text-align: center;\"><span style=\"color: #000000;\">Yolculu\u011funuza ba\u015flamak i\u00e7in bizimle <\/span><span style=\"color: #b0e082;\"><strong><span class=\"s1\">invest@aethoras.com<\/span><\/strong><\/span><br \/><span style=\"color: #000000;\">adresi \u00fczerinden ileti\u015fime ge\u00e7ebilirsiniz.<br \/><\/span><\/p>\t\t\t\t\t\t\t\t<\/div>\n\t\t\t\t\t<\/div>\n\t\t\t\t<\/div>\n\t\t<div class=\"elementor-element elementor-element-aa28aeb elementor-hidden-desktop elementor-hidden-tablet elementor-hidden-mobile e-flex e-con-boxed e-con e-parent\" data-id=\"aa28aeb\" data-element_type=\"container\" data-settings=\"{&quot;background_background&quot;:&quot;classic&quot;}\">\n\t\t\t\t\t<div class=\"e-con-inner\">\n\t\t<div class=\"elementor-element elementor-element-1db1bc9 e-con-full e-flex e-con e-child\" data-id=\"1db1bc9\" data-element_type=\"container\">\n\t\t\t\t<div class=\"elementor-element elementor-element-78f9939 elementor-widget elementor-widget-gva-heading-block\" data-id=\"78f9939\" data-element_type=\"widget\" data-widget_type=\"gva-heading-block.default\">\n\t\t\t\t<div class=\"elementor-widget-container\">\n\t\t\t\t\t<div class=\"gva-element-gva-heading-block gva-element\">\r\n   <div class=\"align-left style-1 widget gsc-heading box-align-left auto-responsive\">\r\n      \r\n      <div class=\"content-inner\">\r\n                  \r\n         <div class=\"sub-title\"><span class=\"tagline\">Our Expert<\/span><\/div>  \r\n         \r\n                     <h2 class=\"title\">\r\n               <span>Meet Our Real Estate Team<\/span>\r\n            <\/h2>\r\n                  \r\n         \r\n               <\/div>\r\n\r\n   <\/div>\r\n\r\n<\/div>\t\t\t\t<\/div>\n\t\t\t\t<\/div>\n\t\t\t\t<\/div>\n\t\t<div class=\"elementor-element elementor-element-96ff4de e-con-full e-flex e-con e-child\" data-id=\"96ff4de\" data-element_type=\"container\">\n\t\t\t\t<div class=\"elementor-element elementor-element-63cddd1 elementor-widget elementor-widget-html\" data-id=\"63cddd1\" data-element_type=\"widget\" data-widget_type=\"html.default\">\n\t\t\t\t\t<a href=\"https:\/\/gaviaspreview.com\/wp\/homirx\/members\/\" class=\"btn-theme-2\" target=\"_blank\" rel=\"noopener\"><span class=\"btn-icon\"><i aria-hidden=\"true\" class=\" hicon-home\"><\/i><\/span>\n    View All Member\n    <\/a>\t\t\t\t<\/div>\n\t\t\t\t<\/div>\n\t\t<div class=\"elementor-element elementor-element-bdf66a9 e-con-full e-flex e-con e-child\" data-id=\"bdf66a9\" data-element_type=\"container\">\n\t\t\t\t<div class=\"elementor-element elementor-element-6eb34f6 elementor-widget elementor-widget-gva-team\" data-id=\"6eb34f6\" data-element_type=\"widget\" data-widget_type=\"gva-team.default\">\n\t\t\t\t<div class=\"elementor-widget-container\">\n\t\t\t\t\t<div class=\"gva-element-gva-team gva-element\">\r\n<div class=\"swiper-slider-wrapper gsc-team layout-carousel \">\r\n   <div class=\"swiper-content-inner\">   \r\n      <div class=\"init-carousel-swiper swiper\" data-carousel=\"{&quot;items&quot;:3,&quot;items_lg&quot;:3,&quot;items_md&quot;:2,&quot;items_sm&quot;:2,&quot;items_xs&quot;:1,&quot;items_xx&quot;:1,&quot;effect&quot;:&quot;slide&quot;,&quot;space_between&quot;:30,&quot;loop&quot;:1,&quot;speed&quot;:600,&quot;autoplay&quot;:0,&quot;autoplay_delay&quot;:4500,&quot;autoplay_hover&quot;:1,&quot;navigation&quot;:1,&quot;pagination&quot;:0,&quot;dynamic_bullets&quot;:0,&quot;pagination_type&quot;:&quot;bullets&quot;}\">\r\n         <div class=\"swiper-wrapper\">\r\n                           <div class=\"swiper-slide\">\r\n                  \r\n   <div class=\"team-one__single\">\r\n   \t   \t\t<div class=\"team-one__image\">\r\n            <img decoding=\"async\" src=\"https:\/\/aethoras.com\/wp-content\/uploads\/2024\/11\/team-1.jpg\" alt=\"\" \/>  \r\n            \r\n   \t\t<\/div>\r\n   \t\t\r\n      <div class=\"team-one__content\">\r\n         <div class=\"team-one__socials\">\r\n            <div class=\"team-one__social-links\">\r\n               \t\t  <a href=\"#\">\r\n\t\t\t <i class=\"fa fa-facebook\"><\/i>\t\t  <\/a>\r\n\t\t  \t\t  <a href=\"#\">\r\n\t\t\t <i class=\"fa fa-twitter\"><\/i>\t\t  <\/a>\r\n\t\t  \t\t  <a href=\"#\">\r\n\t\t\t <i class=\"fa fa-instagram\"><\/i>\t\t  <\/a>\r\n\t\t  \t\t  <a href=\"#\">\r\n\t\t\t <i class=\"fa fa-pinterest\"><\/i>\t\t  <\/a>\r\n\t\t              <\/div> \r\n            <div class=\"team-one__social-control\"><a><i class=\"fa-solid fa-share-nodes\"><\/i><\/a><\/div>\r\n         <\/div>\r\n         <div class=\"team-one__content-inner\">\r\n      \t\t      \t\t\t<h3 class=\"team-one__name\">\r\n                  Savannah Nguyen   \r\n               <\/h3>\r\n      \t\t      \t\t      \t\t<div class=\"team-one__phone\"><span>Call: <\/span><a href=\"tel:(0123)456789\">(0123) 456 789<\/a><\/div>                  \t<\/div>\r\n      <\/div>\r\n   <\/div>\t\t\r\n               <\/div>\r\n                           <div class=\"swiper-slide\">\r\n                  \r\n   <div class=\"team-one__single\">\r\n   \t   \t\t<div class=\"team-one__image\">\r\n            <img decoding=\"async\" src=\"https:\/\/aethoras.com\/wp-content\/uploads\/2024\/11\/team-2.jpg\" alt=\"\" \/>  \r\n            \r\n   \t\t<\/div>\r\n   \t\t\r\n      <div class=\"team-one__content\">\r\n         <div class=\"team-one__socials\">\r\n            <div class=\"team-one__social-links\">\r\n               \t\t  <a href=\"#\">\r\n\t\t\t <i class=\"fa fa-facebook\"><\/i>\t\t  <\/a>\r\n\t\t  \t\t  <a href=\"#\">\r\n\t\t\t <i class=\"fa fa-twitter\"><\/i>\t\t  <\/a>\r\n\t\t  \t\t  <a href=\"#\">\r\n\t\t\t <i class=\"fa fa-instagram\"><\/i>\t\t  <\/a>\r\n\t\t  \t\t  <a href=\"#\">\r\n\t\t\t <i class=\"fa fa-pinterest\"><\/i>\t\t  <\/a>\r\n\t\t              <\/div> \r\n            <div class=\"team-one__social-control\"><a><i class=\"fa-solid fa-share-nodes\"><\/i><\/a><\/div>\r\n         <\/div>\r\n         <div class=\"team-one__content-inner\">\r\n      \t\t      \t\t\t<h3 class=\"team-one__name\">\r\n                  Annette Black   \r\n               <\/h3>\r\n      \t\t      \t\t      \t\t<div class=\"team-one__phone\"><span>Call: <\/span><a href=\"tel:(0123)456789\">(0123) 456 789<\/a><\/div>                  \t<\/div>\r\n      <\/div>\r\n   <\/div>\t\t\r\n               <\/div>\r\n                           <div class=\"swiper-slide\">\r\n                  \r\n   <div class=\"team-one__single\">\r\n   \t   \t\t<div class=\"team-one__image\">\r\n            <img decoding=\"async\" src=\"https:\/\/aethoras.com\/wp-content\/uploads\/2024\/11\/team-3.jpg\" alt=\"\" \/>  \r\n            \r\n   \t\t<\/div>\r\n   \t\t\r\n      <div class=\"team-one__content\">\r\n         <div class=\"team-one__socials\">\r\n            <div class=\"team-one__social-links\">\r\n               \t\t  <a href=\"#\">\r\n\t\t\t <i class=\"fa fa-facebook\"><\/i>\t\t  <\/a>\r\n\t\t  \t\t  <a href=\"#\">\r\n\t\t\t <i class=\"fa fa-twitter\"><\/i>\t\t  <\/a>\r\n\t\t  \t\t  <a href=\"#\">\r\n\t\t\t <i class=\"fa fa-instagram\"><\/i>\t\t  <\/a>\r\n\t\t  \t\t  <a href=\"#\">\r\n\t\t\t <i class=\"fa fa-pinterest\"><\/i>\t\t  <\/a>\r\n\t\t              <\/div> \r\n            <div class=\"team-one__social-control\"><a><i class=\"fa-solid fa-share-nodes\"><\/i><\/a><\/div>\r\n         <\/div>\r\n         <div class=\"team-one__content-inner\">\r\n      \t\t      \t\t\t<h3 class=\"team-one__name\">\r\n                  Kathryn Murphy   \r\n               <\/h3>\r\n      \t\t      \t\t      \t\t<div class=\"team-one__phone\"><span>Call: <\/span><a href=\"tel:(0123)456789\">(0123) 456 789<\/a><\/div>                  \t<\/div>\r\n      <\/div>\r\n   <\/div>\t\t\r\n               <\/div>\r\n                           <div class=\"swiper-slide\">\r\n                  \r\n   <div class=\"team-one__single\">\r\n   \t   \t\t<div class=\"team-one__image\">\r\n            <img decoding=\"async\" src=\"https:\/\/aethoras.com\/wp-content\/uploads\/2024\/11\/team-4.jpg\" alt=\"\" \/>  \r\n            \r\n   \t\t<\/div>\r\n   \t\t\r\n      <div class=\"team-one__content\">\r\n         <div class=\"team-one__socials\">\r\n            <div class=\"team-one__social-links\">\r\n               \t\t  <a href=\"#\">\r\n\t\t\t <i class=\"fa fa-facebook\"><\/i>\t\t  <\/a>\r\n\t\t  \t\t  <a href=\"#\">\r\n\t\t\t <i class=\"fa fa-twitter\"><\/i>\t\t  <\/a>\r\n\t\t  \t\t  <a href=\"#\">\r\n\t\t\t <i class=\"fa fa-instagram\"><\/i>\t\t  <\/a>\r\n\t\t  \t\t  <a href=\"#\">\r\n\t\t\t <i class=\"fa fa-pinterest\"><\/i>\t\t  <\/a>\r\n\t\t              <\/div> \r\n            <div class=\"team-one__social-control\"><a><i class=\"fa-solid fa-share-nodes\"><\/i><\/a><\/div>\r\n         <\/div>\r\n         <div class=\"team-one__content-inner\">\r\n      \t\t      \t\t\t<h3 class=\"team-one__name\">\r\n                  David Hardson   \r\n               <\/h3>\r\n      \t\t      \t\t      \t\t<div class=\"team-one__phone\"><span>Call: <\/span><a href=\"tel:(0123)456789\">(0123) 456 789<\/a><\/div>                  \t<\/div>\r\n      <\/div>\r\n   <\/div>\t\t\r\n               <\/div>\r\n                     <\/div> \r\n      <\/div>\r\n   <\/div>   \r\n   <div class=\"swiper-pagination\"><\/div>   <div class=\"swiper-nav-next\"><\/div><div class=\"swiper-nav-prev\"><\/div><\/div>\r\n<\/div>\t\t\t\t<\/div>\n\t\t\t\t<\/div>\n\t\t\t\t<\/div>\n\t\t\t\t\t<\/div>\n\t\t\t\t<\/div>\n\t\t\t\t<\/div>\n\t\t","protected":false},"excerpt":{"rendered":"<p>Hakk\u0131m\u0131zda Home Page Hakk\u0131m\u0131zda D\u00fcnyan\u0131n servet ba\u015fkenti olarak kabul edilen Dubai\u2019de merkezlenen, k\u00fcresel bir yat\u0131r\u0131m dan\u0131\u015fmanl\u0131\u011f\u0131 ve servet yap\u0131land\u0131rma firmas\u0131y\u0131z. Buradan, be\u015f k\u0131tada faaliyet g\u00f6stererek; ger\u00e7ek servetin yaln\u0131zca para birimleriyle de\u011fil,&nbsp;ayn\u0131 zamanda \u00f6zg\u00fcrl\u00fckle \u00f6l\u00e7\u00fcld\u00fc\u011f\u00fcn\u00fc bilen kuruculara, yat\u0131r\u0131mc\u0131lara ve ailelere hizmet sunuyoruz:&nbsp;hareket \u00f6zg\u00fcrl\u00fc\u011f\u00fc, se\u00e7im \u00f6zg\u00fcrl\u00fc\u011f\u00fc ve sermayenin etkin \u015fekilde de\u011ferlendirilmesi \u00f6zg\u00fcrl\u00fc\u011f\u00fc. Temel yakla\u015f\u0131m\u0131m\u0131z nettir: sermayenin bir [&hellip;]<\/p>\n","protected":false},"author":1,"featured_media":0,"parent":0,"menu_order":0,"comment_status":"closed","ping_status":"closed","template":"","meta":{"inline_featured_image":false,"footnotes":""},"class_list":["post-2282","page","type-page","status-publish","hentry"],"_hostinger_reach_plugin_has_subscription_block":false,"_hostinger_reach_plugin_is_elementor":false,"_links":{"self":[{"href":"https:\/\/aethoras.com\/tr\/wp-json\/wp\/v2\/pages\/2282","targetHints":{"allow":["GET"]}}],"collection":[{"href":"https:\/\/aethoras.com\/tr\/wp-json\/wp\/v2\/pages"}],"about":[{"href":"https:\/\/aethoras.com\/tr\/wp-json\/wp\/v2\/types\/page"}],"author":[{"embeddable":true,"href":"https:\/\/aethoras.com\/tr\/wp-json\/wp\/v2\/users\/1"}],"replies":[{"embeddable":true,"href":"https:\/\/aethoras.com\/tr\/wp-json\/wp\/v2\/comments?post=2282"}],"version-history":[{"count":25,"href":"https:\/\/aethoras.com\/tr\/wp-json\/wp\/v2\/pages\/2282\/revisions"}],"predecessor-version":[{"id":3270,"href":"https:\/\/aethoras.com\/tr\/wp-json\/wp\/v2\/pages\/2282\/revisions\/3270"}],"wp:attachment":[{"href":"https:\/\/aethoras.com\/tr\/wp-json\/wp\/v2\/media?parent=2282"}],"curies":[{"name":"wp","href":"https:\/\/api.w.org\/{rel}","templated":true}]}}